{"id":59,"date":"2024-01-05T19:26:22","date_gmt":"2024-01-05T18:26:22","guid":{"rendered":"https:\/\/nextcloud.fehlfunktion.com\/wordpress1\/?page_id=59"},"modified":"2024-02-10T21:25:00","modified_gmt":"2024-02-10T20:25:00","slug":"rahmenbedingungen","status":"publish","type":"page","link":"https:\/\/www.psychologie-flackl.at\/index.php\/rahmenbedingungen\/","title":{"rendered":"Rahmenbedingungen"},"content":{"rendered":"\n<h1 class=\"wp-block-heading\">Rahmenbedingungen<\/h1>\n\n\n\n<p><\/p>\n\n\n\n<h5 class=\"wp-block-heading\">Kosten <\/h5>\n\n\n\n<p><\/p>\n\n\n\n<figure class=\"wp-block-table\"><table><tbody><tr><td>Erstgespr\u00e4ch (50 Minuten)<\/td><td><strong>\u20ac 80,-<\/strong><\/td><\/tr><tr><td>Klinisch-psychologische Diagnostik &amp; Behandlung (pro 50 Minuten):<\/td><td><strong>\u20ac 120,-<\/strong><\/td><\/tr><tr><td>Klinisch-psychologische Beratung (pro 50 Minuten):<\/td><td><strong>\u20ac 100,-<\/strong><\/td><\/tr><tr><td>Eignungsgutachten f\u00fcr die Zulassung zur Ausbildung zum\/zur Klinischen Psycholog:in<\/td><td><strong>\u20ac 190,-<\/strong><\/td><\/tr><\/tbody><\/table><\/figure>\n\n\n\n<p><\/p>\n\n\n\n<p>Die klinisch-psychologische Diagnostik wird \u00fcber ein Einheitshonorar der mit dem Klienten\/der Klientin gemeinsam durchgef\u00fchrten Stunden von Anamnese, Diagnostik und R\u00fcckmeldung verrechnet. Hinzu kommt ein Pauschalbetrag f\u00fcr das Verfassen eines klinisch-psychologischen Befundes. Der Pauschalbetrag liegt zwischen 90 \u20ac und 110 \u20ac, je nach Umfang und Fragestellung. Inkludiert in diesem Befundhonorar sind bereits die Auswertung von Tests und das Verfassen von den Befunden. <\/p>\n\n\n\n<p><\/p>\n\n\n\n<p>Menschen mit nachweislich geringem Einkommen haben bei mir die M\u00f6glichkeit, von einem begrenzten Angebot an Pl\u00e4tzen zu Sozialtarifen zu profitieren.<\/p>\n\n\n\n<p><\/p>\n\n\n\n<p>Erstgespr\u00e4che sind direkt nach Erbringen der Leistung vor Ort in Bar, per Bankomat- oder Kreditkarte zu bezahlen. <\/p>\n\n\n\n<p><\/p>\n\n\n\n<h5 class=\"wp-block-heading\">Kostenrefundierung<\/h5>\n\n\n\n<p>Hier erfahren Sie mehr \u00fcber die Vorteile von Privatleistungen bei Klinischen Psycholog:innen, insbesondere wenn keine Kosten\u00fcbernahme durch Krankenkassen erfolgt.<\/p>\n\n\n\n<ol class=\"wp-block-list\">\n<li><strong>Individualisierte Betreuung:<\/strong> Durch die Entscheidung f\u00fcr Privatleistungen erhalten Sie eine individuelle und ma\u00dfgeschneiderte Betreuung. Ohne die Beschr\u00e4nkungen, die oft mit den Standards von Krankenkassen einhergehen, kann die Behandlung optimal auf Ihre pers\u00f6nlichen Bed\u00fcrfnisse und Anliegen zugeschnitten werden.<\/li>\n\n\n\n<li><strong>Schnellere Termine:<\/strong> In der Regel erm\u00f6glicht die Entscheidung f\u00fcr Privatleistungen eine flexiblere Terminvergabe. Dies bedeutet k\u00fcrzere Wartezeiten, sodass Sie schneller professionelle Unterst\u00fctzung erhalten k\u00f6nnen, wenn Sie sie am dringendsten ben\u00f6tigen.<\/li>\n\n\n\n<li><strong>Umfassendere Behandlungsmethoden:<\/strong> Klinische Psycholog:innen, die Privatleistungen anbieten, haben oft die M\u00f6glichkeit, eine breitere Palette von Ans\u00e4tzen und Methoden einzusetzen. Dies erm\u00f6glicht eine ganzheitlichere und vielf\u00e4ltigere Behandlung, die besser auf Ihre individuellen Bed\u00fcrfnisse abgestimmt ist.<\/li>\n\n\n\n<li><strong>Diskretion und Privatsph\u00e4re:<\/strong> Der Schutz Ihrer Privatsph\u00e4re steht im Mittelpunkt privater psychologischer Leistungen. Ohne die Notwendigkeit, sensible Informationen an Krankenkassen weiterzugeben, k\u00f6nnen Sie sicher sein, dass Ihre pers\u00f6nlichen Angelegenheiten vertraulich behandelt werden.<\/li>\n\n\n\n<li><strong>Keine b\u00fcrokratischen H\u00fcrden:<\/strong> Die Inanspruchnahme von Privatleistungen bedeutet, dass Sie sich nicht mit komplexen b\u00fcrokratischen Prozessen und Antragsverfahren auseinandersetzen m\u00fcssen. Dies f\u00fchrt zu einer unkomplizierteren und zeitnahen Abwicklung.<\/li>\n<\/ol>\n\n\n\n<p><\/p>\n\n\n\n<p>Es ist wichtig zu beachten, dass die Kosten f\u00fcr Privatleistungen in der Regel selbst getragen werden m\u00fcssen. Dies erm\u00f6glicht jedoch eine h\u00f6here Qualit\u00e4t und Flexibilit\u00e4t in der psychologischen Betreuung. <\/p>\n\n\n\n<p><\/p>\n\n\n\n<p><\/p>\n\n\n\n<h5 class=\"wp-block-heading\">Absageregelung<\/h5>\n\n\n\n<p>Der vereinbarte Termin ist ausschlie\u00dflich f\u00fcr Sie reserviert. K\u00f6nnen Sie den vereinbarten Termin nicht einhalten oder m\u00f6chten Sie diesen verschieben, bitte ich Sie, diesen mindestens 48 Stunden vorher per Mail, Anruf oder SMS abzusagen. Ich bitte um Verst\u00e4ndnis, dass ich bei sp\u00e4teren Terminabsagen das Honorar zur G\u00e4nze verrechnen muss.<\/p>\n\n\n\n<p><\/p>\n\n\n\n<h5 class=\"wp-block-heading\">Verschwiegenheitspflicht<\/h5>\n\n\n\n<p>Klinische Psychologen:innen unterliegen gem\u00e4\u00df \u00a737 PG 2013 der Verschwiegenheitspflicht. Diese bezieht sich auf die Geheimhaltung aller im Rahmen von Aus\u00fcbung des Berufes anvertrauten Informationen und Geheimnisse. Diese gesetzliche Regelung tritt ausschlie\u00dflich bei Selbst- oder Fremdgef\u00e4hrdung au\u00dfer Kraft. <\/p>\n\n\n\n<p>W\u00fcnschen Klient:nnen ausdr\u00fccklich eine Datenweitergabe an z.B. Versicherungen,\u2026 ist eine schriftliche Entbindung von der Verschwiegenheitspflicht unerl\u00e4sslich. Eine Entbindung von der Verschwiegenheitspflicht ist als h\u00f6chstpers\u00f6nliches Recht nur durch die\/den entscheidungsf\u00e4hige\/n Klientin\/Klienten zul\u00e4ssig.<\/p>\n\n\n\n<p><\/p>\n\n\n\n<p><\/p>\n\n\n\n<p><\/p>\n\n\n\n<p><\/p>\n","protected":false},"excerpt":{"rendered":"<p>Rahmenbedingungen Kosten Erstgespr\u00e4ch (50 Minuten) \u20ac 80,- Klinisch-psychologische Diagnostik &amp; Behandlung (pro 50 Minuten): \u20ac 120,- Klinisch-psychologische Beratung (pro 50 Minuten): \u20ac 100,- Eignungsgutachten f\u00fcr die Zulassung zur Ausbildung zum\/zur Klinischen Psycholog:in \u20ac 190,- Die klinisch-psychologische Diagnostik wird \u00fcber ein Einheitshonorar der mit dem Klienten\/der Klientin gemeinsam durchgef\u00fchrten Stunden von Anamnese, Diagnostik und R\u00fcckmeldung verrechnet. [&hellip;]<\/p>\n","protected":false},"author":1,"featured_media":0,"parent":0,"menu_order":0,"comment_status":"closed","ping_status":"closed","template":"","meta":{"_regular_price":[],"currency_symbol":[],"footnotes":""},"class_list":["post-59","page","type-page","status-publish","hentry"],"post_slider_layout_featured_media_urls":{"thumbnail":"","post_slider_layout_landscape_large":"","post_slider_layout_portrait_large":"","post_slider_layout_square_large":"","post_slider_layout_landscape":"","post_slider_layout_portrait":"","post_slider_layout_square":"","full":""},"_links":{"self":[{"href":"https:\/\/www.psychologie-flackl.at\/index.php\/wp-json\/wp\/v2\/pages\/59","targetHints":{"allow":["GET"]}}],"collection":[{"href":"https:\/\/www.psychologie-flackl.at\/index.php\/wp-json\/wp\/v2\/pages"}],"about":[{"href":"https:\/\/www.psychologie-flackl.at\/index.php\/wp-json\/wp\/v2\/types\/page"}],"author":[{"embeddable":true,"href":"https:\/\/www.psychologie-flackl.at\/index.php\/wp-json\/wp\/v2\/users\/1"}],"replies":[{"embeddable":true,"href":"https:\/\/www.psychologie-flackl.at\/index.php\/wp-json\/wp\/v2\/comments?post=59"}],"version-history":[{"count":23,"href":"https:\/\/www.psychologie-flackl.at\/index.php\/wp-json\/wp\/v2\/pages\/59\/revisions"}],"predecessor-version":[{"id":484,"href":"https:\/\/www.psychologie-flackl.at\/index.php\/wp-json\/wp\/v2\/pages\/59\/revisions\/484"}],"wp:attachment":[{"href":"https:\/\/www.psychologie-flackl.at\/index.php\/wp-json\/wp\/v2\/media?parent=59"}],"curies":[{"name":"wp","href":"https:\/\/api.w.org\/{rel}","templated":true}]}}