{"id":57,"date":"2024-01-05T19:26:08","date_gmt":"2024-01-05T18:26:08","guid":{"rendered":"https:\/\/nextcloud.fehlfunktion.com\/wordpress1\/?page_id=57"},"modified":"2024-02-10T20:04:23","modified_gmt":"2024-02-10T19:04:23","slug":"leistungen","status":"publish","type":"page","link":"https:\/\/www.psychologie-flackl.at\/index.php\/leistungen\/","title":{"rendered":"Leistungen"},"content":{"rendered":"\n<h1 class=\"wp-block-heading\">Leistungen<\/h1>\n\n\n\n<p><\/p>\n\n\n\n<p>Als Klinische Psychologin liegt mein Fokus auf der Unterst\u00fctzung von Jugendlichen, Erwachsenen und Familien auf ihrem Weg zu psychischer Gesundheit und Wohlbefinden. Daf\u00fcr biete ich verschiedene Settings an, um individuellen Bed\u00fcrfnissen gerecht zu werden.<\/p>\n\n\n\n<p><\/p>\n\n\n\n<h5 class=\"wp-block-heading\">Einzelsetting \u2013 Pers\u00f6nlich oder Online<\/h5>\n\n\n\n<p>Im pers\u00f6nlichen Einzelsetting schaffe ich einen vertraulichen Raum, in dem Sie sich \u00f6ffnen k\u00f6nnen. Wir arbeiten gemeinsam daran, Herausforderungen zu verstehen und individuelle L\u00f6sungen zu entwickeln. F\u00fcr maximale Flexibilit\u00e4t biete ich auch Online-Sitzungen an, um den Bed\u00fcrfnissen moderner Lebensstile gerecht zu werden.<\/p>\n\n\n\n<p><\/p>\n\n\n\n<h5 class=\"wp-block-heading\">Kleingruppen \u2013 Gemeinsam wachsen<\/h5>\n\n\n\n<p>Die Kraft der Gemeinschaft ist oft unersetzlich. In meinen Kleingruppensitzungen biete ich eine unterst\u00fctzende Umgebung, in der Sie sich mit anderen austauschen k\u00f6nnen. Themen wie Selbstwertgef\u00fchl, Beziehungen oder Stressbew\u00e4ltigung werden gemeinsam erkundet. Die Gruppe dient als sicherer Raum f\u00fcr Verst\u00e4ndnis und Wachstum.<\/p>\n\n\n\n<p><\/p>\n\n\n\n<h5 class=\"wp-block-heading\">Familienunterst\u00fctzung \u2013 Zusammen stark sein<\/h5>\n\n\n\n<p>Familien spielen eine entscheidende Rolle im Leben junger Menschen. Meine Arbeit umfasst auch die Unterst\u00fctzung von Familien, um gemeinsam positive Ver\u00e4nderungen anzusto\u00dfen. Durch offenen Dialog und bew\u00e4hrte Methoden st\u00e4rken wir gemeinsam die famili\u00e4ren Bindungen und entwickeln effektive Strategien, um Herausforderungen zu bew\u00e4ltigen.<\/p>\n\n\n<div class=\"wp-block-image\">\n<figure class=\"aligncenter size-large is-resized\"><img loading=\"lazy\" decoding=\"async\" width=\"1595\" height=\"1063\" src=\"https:\/\/www.psychologie-flackl.at\/wp-content\/uploads\/2024\/02\/Buro2-edited.jpg\" alt=\"\" class=\"wp-image-480\" style=\"width:687px;height:auto\" srcset=\"https:\/\/www.psychologie-flackl.at\/wp-content\/uploads\/2024\/02\/Buro2-edited.jpg 1595w, https:\/\/www.psychologie-flackl.at\/wp-content\/uploads\/2024\/02\/Buro2-edited-300x200.jpg 300w, https:\/\/www.psychologie-flackl.at\/wp-content\/uploads\/2024\/02\/Buro2-edited-1024x682.jpg 1024w, https:\/\/www.psychologie-flackl.at\/wp-content\/uploads\/2024\/02\/Buro2-edited-768x512.jpg 768w, https:\/\/www.psychologie-flackl.at\/wp-content\/uploads\/2024\/02\/Buro2-edited-1536x1024.jpg 1536w, https:\/\/www.psychologie-flackl.at\/wp-content\/uploads\/2024\/02\/Buro2-edited-1200x800.jpg 1200w, https:\/\/www.psychologie-flackl.at\/wp-content\/uploads\/2024\/02\/Buro2-edited-600x400.jpg 600w\" sizes=\"auto, (max-width: 1595px) 100vw, 1595px\" \/><\/figure>\n<\/div>\n\n\n<hr class=\"wp-block-separator has-alpha-channel-opacity\"\/>\n\n\n\n<p><\/p>\n\n\n\n<div class=\"wp-block-buttons is-content-justification-center is-layout-flex wp-container-core-buttons-is-layout-16018d1d wp-block-buttons-is-layout-flex\">\n<div class=\"wp-block-button button-schwerpunkte\"><a class=\"wp-block-button__link wp-element-button\">Schwerpunkte<\/a><\/div>\n\n\n\n<div class=\"wp-block-button button-behandlungsmethoden\"><a class=\"wp-block-button__link wp-element-button\">Behandlungsmethoden<\/a><\/div>\n<\/div>\n\n\n\n<div class=\"wp-block-columns is-layout-flex wp-container-core-columns-is-layout-9d6595d7 wp-block-columns-is-layout-flex\">\n<div class=\"wp-block-column is-layout-flow wp-block-column-is-layout-flow\" style=\"flex-basis:33.33%\"><\/div>\n\n\n\n<div class=\"wp-block-column schwerpunkte active is-layout-flow wp-block-column-is-layout-flow\" style=\"flex-basis:66.67%\">\n<div class=\"wp-block-group\"><div class=\"wp-block-group__inner-container is-layout-constrained wp-block-group-is-layout-constrained\">\n<p><\/p>\n\n\n\n<h5 class=\"wp-block-heading\">Schwerpunkte<\/h5>\n\n\n\n<ul class=\"wp-block-list\">\n<li>\u00c4ngste, Panik und Phobien<\/li>\n\n\n\n<li>Suchtbehandlung und -pr\u00e4vention<\/li>\n\n\n\n<li>Krisenintervention<\/li>\n\n\n\n<li>Suizidpr\u00e4vention<\/li>\n\n\n\n<li>Depression und Burnout<\/li>\n\n\n\n<li>Stressbew\u00e4ltigung<\/li>\n\n\n\n<li>Entlastungsgespr\u00e4che<\/li>\n\n\n\n<li>Schlafst\u00f6rungen (Insomnie, Albtr\u00e4ume)<\/li>\n\n\n\n<li>Forensik<\/li>\n\n\n\n<li>Mobbing<\/li>\n\n\n\n<li>Coaching<\/li>\n\n\n\n<li>Ged\u00e4chtnistraining und Lerntherapie<\/li>\n<\/ul>\n\n\n\n<p><\/p>\n<\/div><\/div>\n\n\n\n<p><\/p>\n<\/div>\n<\/div>\n\n\n\n<div class=\"wp-block-columns is-layout-flex wp-container-core-columns-is-layout-9d6595d7 wp-block-columns-is-layout-flex\">\n<div class=\"wp-block-column is-layout-flow wp-block-column-is-layout-flow\" style=\"flex-basis:33.33%\"><\/div>\n\n\n\n<div class=\"wp-block-column behandlungsmethoden is-layout-flow wp-block-column-is-layout-flow\" style=\"flex-basis:66.67%\">\n<p><\/p>\n\n\n\n<h5 class=\"wp-block-heading\">Behandlungsmethoden<\/h5>\n\n\n\n<ul class=\"wp-block-list\">\n<li>Diagnostik<\/li>\n\n\n\n<li>Entspannungstechniken:\n<ul class=\"wp-block-list\">\n<li>Progressive Muskelrelaxation nach E. Jacobson<\/li>\n\n\n\n<li>Autogenes Training<\/li>\n\n\n\n<li>Achtsamkeit<\/li>\n\n\n\n<li>Atemtherapie<\/li>\n\n\n\n<li>Imaginationstechniken (Ruheort)<\/li>\n<\/ul>\n<\/li>\n\n\n\n<li>St\u00e4rkung des Selbstwertes<\/li>\n\n\n\n<li>Soziales Kompetenztraining<\/li>\n\n\n\n<li>Antigewalt-Training<\/li>\n\n\n\n<li>Kriminalprognostik<\/li>\n\n\n\n<li>Einsatz von VR-Technologie (coming soon!)<\/li>\n<\/ul>\n<\/div>\n<\/div>\n\n\n\n<p><\/p>\n\n\n\n<p>Wagen Sie die ersten Schritte zu Ihrem pers\u00f6nlichen Erfolg \u2013 lassen Sie uns gemeinsam starten! Nehmen Sie <a href=\"https:\/\/www.psychologie-flackl.at\/index.php\/contact\/\" data-type=\"page\" data-id=\"17\">Kontakt<\/a> zu mir auf und vereinbaren Sie (online) einen <a href=\"https:\/\/www.psychologie-flackl.at\/index.php\/terminanfrage\/\" data-type=\"page\" data-id=\"202\">Termin<\/a> f\u00fcr Ihr Erstgespr\u00e4ch.<\/p>\n\n\n\n<p><\/p>\n\n\n\n<p><\/p>\n\n\n\n<style>\n.schwerpunkte, .behandlungsmethoden { display: none; }\n.active { display: block; }\n<\/style>\n\n<script>\nbuttonschwerpunkte = document.querySelector('.button-schwerpunkte');\nbuttonbehandlungsmethoden = document.querySelector('.button-behandlungsmethoden');\n\nschwerpunkte = document.querySelector('.schwerpunkte');\nbehandlungsmethoden = document.querySelector('.behandlungsmethoden');\n\nbuttonschwerpunkte.addEventListener('click', function(event) {\n    event.preventDefault();\nschwerpunkte.classList.add(\"active\");\nbehandlungsmethoden.classList.remove(\"active\");\n\n});\n\nbuttonbehandlungsmethoden.addEventListener('click', function(event) {\n    event.preventDefault();\nschwerpunkte.classList.remove(\"active\");\nbehandlungsmethoden.classList.add(\"active\");\n});\n\n\n<\/script>\n\n\n\n<p><\/p>\n","protected":false},"excerpt":{"rendered":"<p>Leistungen Als Klinische Psychologin liegt mein Fokus auf der Unterst\u00fctzung von Jugendlichen, Erwachsenen und Familien auf ihrem Weg zu psychischer Gesundheit und Wohlbefinden. Daf\u00fcr biete ich verschiedene Settings an, um individuellen Bed\u00fcrfnissen gerecht zu werden. Einzelsetting \u2013 Pers\u00f6nlich oder Online Im pers\u00f6nlichen Einzelsetting schaffe ich einen vertraulichen Raum, in dem Sie sich \u00f6ffnen k\u00f6nnen. Wir [&hellip;]<\/p>\n","protected":false},"author":1,"featured_media":0,"parent":0,"menu_order":0,"comment_status":"closed","ping_status":"closed","template":"","meta":{"_regular_price":[],"currency_symbol":[],"footnotes":""},"class_list":["post-57","page","type-page","status-publish","hentry"],"post_slider_layout_featured_media_urls":{"thumbnail":"","post_slider_layout_landscape_large":"","post_slider_layout_portrait_large":"","post_slider_layout_square_large":"","post_slider_layout_landscape":"","post_slider_layout_portrait":"","post_slider_layout_square":"","full":""},"_links":{"self":[{"href":"https:\/\/www.psychologie-flackl.at\/index.php\/wp-json\/wp\/v2\/pages\/57","targetHints":{"allow":["GET"]}}],"collection":[{"href":"https:\/\/www.psychologie-flackl.at\/index.php\/wp-json\/wp\/v2\/pages"}],"about":[{"href":"https:\/\/www.psychologie-flackl.at\/index.php\/wp-json\/wp\/v2\/types\/page"}],"author":[{"embeddable":true,"href":"https:\/\/www.psychologie-flackl.at\/index.php\/wp-json\/wp\/v2\/users\/1"}],"replies":[{"embeddable":true,"href":"https:\/\/www.psychologie-flackl.at\/index.php\/wp-json\/wp\/v2\/comments?post=57"}],"version-history":[{"count":67,"href":"https:\/\/www.psychologie-flackl.at\/index.php\/wp-json\/wp\/v2\/pages\/57\/revisions"}],"predecessor-version":[{"id":483,"href":"https:\/\/www.psychologie-flackl.at\/index.php\/wp-json\/wp\/v2\/pages\/57\/revisions\/483"}],"wp:attachment":[{"href":"https:\/\/www.psychologie-flackl.at\/index.php\/wp-json\/wp\/v2\/media?parent=57"}],"curies":[{"name":"wp","href":"https:\/\/api.w.org\/{rel}","templated":true}]}}