{"id":3,"date":"2023-12-11T15:01:27","date_gmt":"2023-12-11T14:01:27","guid":{"rendered":"https:\/\/nextcloud.fehlfunktion.com\/wordpress1\/?page_id=3"},"modified":"2024-02-15T14:49:01","modified_gmt":"2024-02-15T13:49:01","slug":"datenschutzerklaerung","status":"publish","type":"page","link":"https:\/\/www.psychologie-flackl.at\/index.php\/datenschutzerklaerung\/","title":{"rendered":"Datenschutzerkl\u00e4rung"},"content":{"rendered":"\n<p><\/p>\n\n\n\n<h3 class=\"wp-block-heading has-text-align-center\"><strong>Haftungsausschluss<\/strong><\/h3>\n\n\n\n<p><\/p>\n\n\n\n<h5 class=\"wp-block-heading\"><strong>Inhalt des Onlineangebotes<\/strong><\/h5>\n\n\n\n<p>Der Autor \u00fcbernimmt keinerlei Gew\u00e4hr f\u00fcr die Aktualit\u00e4t, Korrektheit, Vollst\u00e4ndigkeit oder Qualit\u00e4t der bereitgestellten Informationen. Haftungsanspr\u00fcche gegen den Autor, welche sich auf Sch\u00e4den materieller oder ideeller Art beziehen, die durch die Nutzung oder Nichtnutzung der dargebotenen Informationen bzw. durch die Nutzung fehlerhafter und unvollst\u00e4ndiger Informationen verursacht wurden, sind grunds\u00e4tzlich ausgeschlossen, sofern seitens des Autors kein nachweislich vors\u00e4tzliches oder grob fahrl\u00e4ssiges Verschulden vorliegt. Alle Angebote sind freibleibend und unverbindlich. Der Autor beh\u00e4lt es sich ausdr\u00fccklich vor, Teile der Seiten oder das gesamte Angebot ohne gesonderte Ank\u00fcndigung zu ver\u00e4ndern, zu erg\u00e4nzen, zu l\u00f6schen oder die Ver\u00f6ffentlichung zeitweise oder endg\u00fcltig einzustellen.<\/p>\n\n\n\n<p><\/p>\n\n\n\n<h5 class=\"wp-block-heading\"><strong>Verweise und Links<\/strong><\/h5>\n\n\n\n<p>Bei direkten oder indirekten Verweisen auf fremde Internetseiten (Links), die au\u00dferhalb des Verantwortungsbereiches des Autors liegen, w\u00fcrde eine Haftungsverpflichtung ausschlie\u00dflich in dem Fall in Kraft treten, in dem der Autor von den Inhalten Kenntnis hat und es ihm technisch m\u00f6glich und zumutbar w\u00e4re, die Nutzung im Falle rechtswidriger Inhalte zu verhindern. Der Autor erkl\u00e4rt hiermit ausdr\u00fccklich, dass zum Zeitpunkt der Linksetzung keine illegalen Inhalte auf den zu verlinkenden Seiten erkennbar waren. Auf die aktuelle und zuk\u00fcnftige Gestaltung, die Inhalte oder die Urheberschaft der gelinkten\/verkn\u00fcpften Seiten hat der Autor keinerlei Einfluss. Deshalb distanziert er sich hiermit ausdr\u00fccklich von allen Inhalten aller gelinkten\/verkn\u00fcpften Seiten, die nach der Linksetzung ver\u00e4ndert wurden. Diese Feststellung gilt f\u00fcr alle innerhalb des eigenen Internetangebotes gesetzten Links und Verweise sowie f\u00fcr Fremdeintr\u00e4ge in vom Autor eingerichtete G\u00e4steb\u00fccher, Diskussionsforen und Mailinglisten. F\u00fcr illegale, fehlerhafte oder unvollst\u00e4ndige Inhalte und insbesondere f\u00fcr Sch\u00e4den, die aus der Nutzung oder Nichtnutzung solcherart dargebotener Informationen entstehen, haftet allein der Anbieter der Seite, auf welche verwiesen wurde, nicht derjenige, der \u00fcber Links auf die jeweilige Ver\u00f6ffentlichung lediglich verweist.<\/p>\n\n\n\n<p><\/p>\n\n\n\n<h5 class=\"wp-block-heading\"><strong>Urheber- und Kennzeichenrecht<\/strong><\/h5>\n\n\n\n<p>Der Autor ist bestrebt, in allen Publikationen die Urheberrechte der verwendeten Grafiken, Tondokumente, Videosequenzen und Texte zu beachten, von ihm selbst erstellte Grafiken, Tondokumente, Videosequenzen und Texte zu nutzen oder auf lizenzfreie Grafiken, Tondokumente, Videosequenzen und Texte zur\u00fcckzugreifen. Alle innerhalb des Internetangebotes genannten und ggf. durch Dritte gesch\u00fctzten Marken- und Warenzeichen unterliegen uneingeschr\u00e4nkt den Bestimmungen des jeweils g\u00fcltigen Kennzeichenrechts und den Besitzrechten der jeweiligen eingetragenen Eigent\u00fcmer. Allein aufgrund der blo\u00dfen Nennung ist nicht der Schluss zu ziehen, dass Markenzeichen nicht durch Rechte Dritter gesch\u00fctzt sind! Das Copyright f\u00fcr ver\u00f6ffentlichte, vom Autor selbst erstellte Objekte bleibt allein beim Autor der Seiten. Eine Vervielf\u00e4ltigung oder Verwendung solcher Grafiken, Tondokumente, Videosequenzen und Texte in anderen elektronischen oder gedruckten Publikationen ist ohne ausdr\u00fcckliche Zustimmung des Autors nicht gestattet.<\/p>\n\n\n\n<p><\/p>\n\n\n\n<p><\/p>\n\n\n\n<h3 class=\"wp-block-heading has-text-align-center\"><strong>Datenschutz<\/strong><\/h3>\n\n\n\n<p><\/p>\n\n\n\n<p>Sofern innerhalb des Internetangebotes die M\u00f6glichkeit zur Eingabe pers\u00f6nlicher oder gesch\u00e4ftlicher Daten (E-Mail-Adressen, Namen, Anschriften) besteht, so erfolgt die Preisgabe dieser Daten seitens des Nutzers auf ausdr\u00fccklich freiwilliger Basis. Die Inanspruchnahme und Bezahlung aller angebotenen Dienste ist \u2013 soweit technisch m\u00f6glich und zumutbar \u2013 auch ohne Angabe solcher Daten bzw. unter Angabe anonymisierter Daten oder eines Pseudonyms gestattet. Die Nutzung der im Rahmen des Impressums oder vergleichbarer Angaben ver\u00f6ffentlichten Kontaktdaten wie Postanschriften, Telefon- und Faxnummern sowie E-Mail-Adressen durch Dritte zur \u00dcbersendung von nicht ausdr\u00fccklich angeforderten Informationen ist nicht gestattet. Rechtliche Schritte gegen die Versender von so genannten Spam-Mails bei Verst\u00f6\u00dfen gegen dieses Verbot sind ausdr\u00fccklich vorbehalten.<\/p>\n\n\n\n<p><\/p>\n\n\n\n<h5 class=\"wp-block-heading\"><strong>Rechtsgrundlage<\/strong><\/h5>\n\n\n\n<p>Die vorgehend beschriebene Datenverarbeitung zum Zwecke der Kontaktaufnahme erfolgt nach Art. 6 Abs. 1 lit. a DSGVO auf der von Ihnen im Folgenden freiwillig abgegebenen Einwilligungserkl\u00e4rung.<\/p>\n\n\n\n<p><\/p>\n\n\n\n<p><strong>Einwilligungserkl\u00e4rung<\/strong> <\/p>\n\n\n\n<p><em>Mit der Eingabe meiner Daten und der Bet\u00e4tigung des Buttons \u201e\u00dcbermitteln\u201c erkl\u00e4re ich mein Einverst\u00e4ndnis zur Verarbeitung <\/em>der zur<em> Beantwortung meiner Kontaktanfrage notwendigen Daten. Ich habe die aktuelle Datenschutzerkl\u00e4rung gelesen und akzeptiere sie. Diese Einwilligung kann ich jederzeit mit Wirkung f\u00fcr die Zukunft widerrufen, indem ich mich an <a href=\"mailto:widerruf@psychologie-flackl.at\">widerruf@psychologie-flackl.at<\/a> wende. <\/em><\/p>\n\n\n\n<p><\/p>\n\n\n\n<h5 class=\"wp-block-heading\"><strong>Speicherdauer<\/strong><\/h5>\n\n\n\n<p>Sobald die von Ihnen gestellte Anfrage erledigt und der betreffende Sachverhalt abschlie\u00dfend gekl\u00e4rt ist, werden die \u00fcber das Kontaktformular verarbeiteten personenbezogenen Daten von Ihnen gel\u00f6scht. Im Falle einer Gesch\u00e4ftsbeziehung verarbeiten und speichern wir personenbezogene Daten f\u00fcr deren Dauer, dar\u00fcber hinaus nur gem\u00e4\u00df den gesetzlichen Aufbewahrungs- und Dokumentationspflichten.<\/p>\n\n\n\n<p><\/p>\n\n\n\n<h5 class=\"wp-block-heading\"><strong>Rechtswirksamkeit dieses Haftungsausschlusses<\/strong><\/h5>\n\n\n\n<p>Dieser Haftungsausschluss ist als Teil des Internetangebotes zu betrachten, von dem aus auf diese Seite verwiesen wurde. Sofern Teile oder einzelne Formulierungen dieses Textes der geltenden Rechtslage nicht, nicht mehr oder nicht vollst\u00e4ndig entsprechen sollten, bleiben die \u00fcbrigen Teile des Dokumentes in ihrem Inhalt und ihrer G\u00fcltigkeit davon unber\u00fchrt.<\/p>\n\n\n\n<p><\/p>\n\n\n\n<h5 class=\"wp-block-heading\"><strong>Online-Streitbeilegung<\/strong><\/h5>\n\n\n\n<p>Die Europ\u00e4ische Kommission stellt eine Plattform zur Online-Streitbeilegung (OS) bereit, die Sie unter <a href=\"http:\/\/ec.europa.eu\/odr\/\">http:\/\/ec.europa.eu\/odr\/<\/a> finden.<\/p>\n\n\n\n<p><\/p>\n\n\n\n<h5 class=\"wp-block-heading\"><strong>Cookies<\/strong><\/h5>\n\n\n\n<p>Bei Cookies handelt es sich um Dateien, die auf der lokalen Festplatte Ihres Computers angelegt werden. Sie erm\u00f6glichen ein besseres Nutzererlebnis, indem sie Daten zu den von Ihnen aufgerufenen Websites abspeichern. So erm\u00f6glichen Cookies etwa, die Ladezeit einer mehrmals besuchten Website deutlich zu k\u00fcrzen, oder Ihnen das erneute Eingeben von Daten zu erleichtern. Sie haben die M\u00f6glichkeit, das Speichern von Cookies auf Ihrem Rechner zu verhindern. Dazu w\u00e4hlen Sie in Ihren Browser-Einstellungen die Option \u201eKeine Cookies akzeptieren\u201c. Sie k\u00f6nnen in Ihren Browser-Einstellungen auch definieren, dass Sie die Speicherung der Daten jedes Mal explizit best\u00e4tigen m\u00fcssen. Des Weiteren k\u00f6nnen gespeicherte Cookies jederzeit gel\u00f6scht werden. Falls Sie keine Cookies akzeptieren, kann es zu Einschr\u00e4nkungen in der Funktion oder zu verz\u00f6gerter Ladezeit beim Aufruf dieser Website kommen.<\/p>\n\n\n\n<p><\/p>\n\n\n\n<h5 class=\"wp-block-heading\"><strong>Server-Log-Files<\/strong><\/h5>\n\n\n\n<p>Der Provider der Seiten erhebt und speichert automatisch Informationen in so genannten Server-Log Files, die Ihr Browser automatisch an uns \u00fcbermittelt. Dies sind:<br>\u2022 Browsertyp und Browserversion<br>\u2022 Verwendetes Betriebssystem<br>\u2022 Referrer URL<br>\u2022 Hostname\/IP des zugreifenden Rechners<br>\u2022 Uhrzeit der Serveranfrage<br>\u2022 Besuchte Webseiten<br>\u2022 Menge der gesendeten Daten in Byte<\/p>\n\n\n\n<p><\/p>\n\n\n\n<p>Aus Gr\u00fcnden der Betriebssicherheit bleiben Daten \u00fcber Zugriffe auf unsere Webseiten beim Seitenprovider 10 Tage lang gespeichert und werden danach anonymisiert. Eine Zusammenf\u00fchrung dieser Daten mit anderen Datenquellen wird nicht vorgenommen.<\/p>\n\n\n\n<p><\/p>\n\n\n\n<h5 class=\"wp-block-heading\"><strong>Web-Analyse<\/strong><\/h5>\n\n\n\n<p>Zur Verbesserung unseres Onlineangebots werten wir gelegentlich aus, wie die Seite benutzt wird. Wir erstellen hierf\u00fcr Besucherstatistiken. In diesem Zusammenhang wird Ihre IP-Adresse in die Auswertung einbezogen, aber umgehend so gek\u00fcrzt, dass eine Zuordnung zu Ihnen nicht mehr m\u00f6glich ist. Die erhobenen Daten werden nicht weiter gegeben.<\/p>\n\n\n\n<p><\/p>\n\n\n\n<h4 class=\"wp-block-heading\"><strong>Einbindung von Services externer Dienstleister<\/strong><\/h4>\n\n\n\n<p><\/p>\n\n\n\n<h5 class=\"wp-block-heading\"><strong>Schriftarten<\/strong><\/h5>\n\n\n\n<p>Diese Website nutzt zur einheitlichen Darstellung von Schriftarten unter Umst\u00e4nden Google Web Fonts, die nicht von Google-Servern, sondern lokal bereitgestellt werden. Beim Aufruf einer Seite l\u00e4dt Ihr Browser die ben\u00f6tigten Web Fonts in ihren Browsercache, um Texte und Schriftarten korrekt anzuzeigen. Wenn Ihr Browser Web Fonts nicht unterst\u00fctzt, wird eine Standardschrift von Ihrem Computer genutzt. Google LLC ist DPF-zertifiziert (Data Privacy Framework).<\/p>\n\n\n\n<p><\/p>\n\n\n\n<h5 class=\"wp-block-heading\"><strong>Google Maps<\/strong><\/h5>\n\n\n\n<p>Die Kontakt-Seite verf\u00fcgt \u00fcber eine eingebettete Karte. Es werden von der Website keine Benutzerdaten an Google LLC \u00fcbertragen. Die Nutzung der Google Dienste ist f\u00fcr BenutzerInnen unter den <a href=\"https:\/\/www.google.com\/privacypolicy.html\">Datenschutzbedingungen<\/a> von Google m\u00f6glich durch anklicken der Karte m\u00f6glich. Google LLC ist DPF-zertifiziert (Data Privacy Framework).<\/p>\n\n\n\n<h5 class=\"wp-block-heading\"><strong>Recht auf Auskunft, L\u00f6schung, Sperrung<\/strong><\/h5>\n\n\n\n<p>Ihnen als von der Datenverarbeitung betroffene Person stehen verschiedene Rechte zu:<\/p>\n\n\n\n<p><\/p>\n\n\n\n<h5 class=\"wp-block-heading\"><strong>Widerrufsrecht<\/strong><\/h5>\n\n\n\n<p>Von Ihnen erteilte Einwilligungen k\u00f6nnen Sie jederzeit uns gegen\u00fcber widerrufen. Die Datenverarbeitung, die auf der widerrufenen Einwilligung beruht, darf dann f\u00fcr die Zukunft nicht mehr fortgef\u00fchrt werden.<\/p>\n\n\n\n<p><\/p>\n\n\n\n<h5 class=\"wp-block-heading\"><strong>Auskunftsrecht<\/strong><\/h5>\n\n\n\n<p>Sie k\u00f6nnen Auskunft \u00fcber Ihre von uns verarbeiteten personenbezogenen Daten verlangen. Dies gilt insbesondere f\u00fcr die Zwecke der Datenverarbeitungen, die Kategorien der personenbezogenen Daten, ggf. die Kategorien von Empf\u00e4ngern, die Speicherdauer, ggf. die Herkunft Ihrer Daten und ggf. aussagekr\u00e4ftigen Informationen zu deren Details.<\/p>\n\n\n\n<p><\/p>\n\n\n\n<h5 class=\"wp-block-heading\"><strong>Berichtigungsrecht<\/strong><\/h5>\n\n\n\n<p>Sie k\u00f6nnen die Berichtigung unrichtiger oder die Vervollst\u00e4ndigung Ihrer bei uns gespeicherten personenbezogenen Daten verlangen.<\/p>\n\n\n\n<p><\/p>\n\n\n\n<h5 class=\"wp-block-heading\"><strong>L\u00f6schungsrecht<\/strong><\/h5>\n\n\n\n<p>Sie k\u00f6nnen die L\u00f6schung Ihrer bei uns gespeicherten personenbezogenen Daten verlangen, soweit deren Verarbeitung nicht zur Aus\u00fcbung des Rechts auf freie Meinungs\u00e4u\u00dferung und Information, zur Erf\u00fcllung einer rechtlichen Verpflichtung, aus Gr\u00fcnden des \u00f6ffentlichen Interesses oder zur Geltendmachung, Aus\u00fcbung oder Verteidigung von Rechtsanspr\u00fcchen erforderlich ist.<\/p>\n\n\n\n<p><\/p>\n\n\n\n<h5 class=\"wp-block-heading\"><strong>Recht auf Einschr\u00e4nkung der Verarbeitung<\/strong><\/h5>\n\n\n\n<p>Sie k\u00f6nnen die Einschr\u00e4nkung der Verarbeitung Ihrer personenbezogenen Daten verlangen, soweit die Richtigkeit der Daten von Ihnen bestritten wird, die Verarbeitung unrechtm\u00e4\u00dfig ist, Sie aber deren L\u00f6schung ablehnen. Au\u00dferdem steht Ihnen dieses Recht zu, wenn wir die Daten nicht mehr ben\u00f6tigen, Sie diese jedoch zur Geltendmachung, Aus\u00fcbung oder Verteidigung von Rechtsanspr\u00fcchen ben\u00f6tigen. Dar\u00fcber hinaus haben Sie dieses Recht, wenn Sie Widerspruch gegen die Verarbeitung Ihrer personenbezogenen Daten eingelegt haben.<\/p>\n\n\n\n<p><\/p>\n\n\n\n<h5 class=\"wp-block-heading\"><strong>Recht auf Daten\u00fcbertragbarkeit<\/strong><\/h5>\n\n\n\n<p>Sie k\u00f6nnen verlangen, dass wir Ihnen Ihre personenbezogenen Daten, die Sie uns bereitgestellt haben, in einem strukturierten, g\u00e4ngigen und maschinenlesbaren Format \u00fcbermitteln. Alternativ k\u00f6nnen Sie die direkte \u00dcbermittlung der von Ihnen uns bereitgestellten personenbezogenen Daten an einen anderen Verantwortlichen verlangen, soweit dies m\u00f6glich ist.<\/p>\n\n\n\n<p><\/p>\n\n\n\n<h5 class=\"wp-block-heading\"><strong>Beschwerderecht<\/strong><\/h5>\n\n\n\n<p>Sie k\u00f6nnen sich bei der Datenschutzbeh\u00f6rde der Republik \u00d6sterreich DSB beschweren, z.B. wenn Sie der Ansicht sind, dass wir Ihre personenbezogenen Daten in unrechtm\u00e4\u00dfiger Weise verarbeiten. Name, Anschrift und Kontaktdaten finden Sie unter folgendem Link <a href=\"https:\/\/www.dsb.gv.at\/\">https:\/\/www.dsb.gv.at<\/a><a href=\"https:\/\/www.dsb.gv.at.\/\" target=\"_blank\" rel=\"noreferrer noopener\">.<\/a><\/p>\n\n\n\n<p><\/p>\n\n\n\n<h5 class=\"wp-block-heading\"><strong>Ihr Recht auf Widerspruch<\/strong><\/h5>\n\n\n\n<p>Sofern wir Ihre personenbezogenen Daten auf Basis eines berechtigten Interesses verarbeiten, haben Sie das Recht, Widerspruch gegen diese Verarbeitung einzulegen. M\u00f6chten Sie von Ihrem Widerspruchsrecht Gebrauch machen, gen\u00fcgt eine Mitteilung in Textform. Sie k\u00f6nnen uns also gerne anschreiben oder sich per E-Mail an uns wenden.<\/p>\n","protected":false},"excerpt":{"rendered":"<p>Haftungsausschluss Inhalt des Onlineangebotes Der Autor \u00fcbernimmt keinerlei Gew\u00e4hr f\u00fcr die Aktualit\u00e4t, Korrektheit, Vollst\u00e4ndigkeit oder Qualit\u00e4t der bereitgestellten Informationen. Haftungsanspr\u00fcche gegen den Autor, welche sich auf Sch\u00e4den materieller oder ideeller Art beziehen, die durch die Nutzung oder Nichtnutzung der dargebotenen Informationen bzw. durch die Nutzung fehlerhafter und unvollst\u00e4ndiger Informationen verursacht wurden, sind grunds\u00e4tzlich ausgeschlossen, sofern [&hellip;]<\/p>\n","protected":false},"author":1,"featured_media":0,"parent":0,"menu_order":0,"comment_status":"closed","ping_status":"open","template":"","meta":{"_regular_price":[],"currency_symbol":[],"footnotes":""},"class_list":["post-3","page","type-page","status-publish","hentry"],"post_slider_layout_featured_media_urls":{"thumbnail":"","post_slider_layout_landscape_large":"","post_slider_layout_portrait_large":"","post_slider_layout_square_large":"","post_slider_layout_landscape":"","post_slider_layout_portrait":"","post_slider_layout_square":"","full":""},"_links":{"self":[{"href":"https:\/\/www.psychologie-flackl.at\/index.php\/wp-json\/wp\/v2\/pages\/3","targetHints":{"allow":["GET"]}}],"collection":[{"href":"https:\/\/www.psychologie-flackl.at\/index.php\/wp-json\/wp\/v2\/pages"}],"about":[{"href":"https:\/\/www.psychologie-flackl.at\/index.php\/wp-json\/wp\/v2\/types\/page"}],"author":[{"embeddable":true,"href":"https:\/\/www.psychologie-flackl.at\/index.php\/wp-json\/wp\/v2\/users\/1"}],"replies":[{"embeddable":true,"href":"https:\/\/www.psychologie-flackl.at\/index.php\/wp-json\/wp\/v2\/comments?post=3"}],"version-history":[{"count":19,"href":"https:\/\/www.psychologie-flackl.at\/index.php\/wp-json\/wp\/v2\/pages\/3\/revisions"}],"predecessor-version":[{"id":501,"href":"https:\/\/www.psychologie-flackl.at\/index.php\/wp-json\/wp\/v2\/pages\/3\/revisions\/501"}],"wp:attachment":[{"href":"https:\/\/www.psychologie-flackl.at\/index.php\/wp-json\/wp\/v2\/media?parent=3"}],"curies":[{"name":"wp","href":"https:\/\/api.w.org\/{rel}","templated":true}]}}