{"id":15,"date":"2023-12-11T15:13:20","date_gmt":"2023-12-11T14:13:20","guid":{"rendered":"https:\/\/nextcloud.fehlfunktion.com\/wordpress1\/?page_id=15"},"modified":"2024-02-10T18:21:58","modified_gmt":"2024-02-10T17:21:58","slug":"home","status":"publish","type":"page","link":"https:\/\/www.psychologie-flackl.at\/","title":{"rendered":"Home"},"content":{"rendered":"\n<div class=\"wp-block-columns is-layout-flex wp-container-core-columns-is-layout-9d6595d7 wp-block-columns-is-layout-flex\">\n<div class=\"wp-block-column is-layout-flow wp-block-column-is-layout-flow\" style=\"flex-basis:66.66%\">\n<h1 class=\"wp-block-heading\">Herzlich willkommen<\/h1>\n\n\n\n<p><\/p>\n\n\n\n<p>Ich begr\u00fc\u00dfe Sie auf meiner Homepage, einem Ort der Unterst\u00fctzung und Ver\u00e4nderung. Hier biete ich Ihnen professionelle Hilfe auf Ihrem Weg zu psychischem Wohlbefinden und pers\u00f6nlichem Wachstum. Als Klinische Psychologin biete ich klinisch-psychologische Behandlung und Beratung, Diagnostik sowie Eignungsgutachten f\u00fcr k\u00fcnftige Klinische Psycholog:innen an. Daf\u00fcr kommen die jeweils entsprechenden Behandlungsmaterialien zum Einsatz. Der ganzheitliche Blick auf den Menschen steht dabei im Vordergrund, um psychische Gesundheit auf verschiedenen Ebenen zu f\u00f6rdern.<\/p>\n\n\n\n<p><\/p>\n\n\n\n<p>Entdecken Sie auf meiner Homepage weitere Informationen zu meinen <a href=\"https:\/\/www.psychologie-flackl.at\/index.php\/leistungen\/\" data-type=\"page\" data-id=\"57\">Leistungen<\/a>. Wenn Sie sich angesprochen f\u00fchlen oder weitere Fragen haben, stehe ich Ihnen gerne f\u00fcr ein pers\u00f6nliches <a href=\"https:\/\/www.psychologie-flackl.at\/index.php\/contact\/\" data-type=\"page\" data-id=\"17\">Gespr\u00e4ch<\/a> zur Verf\u00fcgung. Ich freue mich darauf, Sie auf Ihrem Weg zu begleiten und gemeinsam positive Ver\u00e4nderungen zu gestalten. <\/p>\n<\/div>\n\n\n\n<div class=\"wp-block-column is-layout-flow wp-block-column-is-layout-flow\" style=\"flex-basis:33.33%\"><div class=\"wp-block-image\">\n<figure class=\"aligncenter size-full is-resized\"><img loading=\"lazy\" decoding=\"async\" width=\"333\" height=\"500\" src=\"https:\/\/nextcloud.fehlfunktion.com\/wordpress1\/wp-content\/uploads\/2024\/02\/DSC6156.jpg\" alt=\"\" class=\"wp-image-255\" style=\"width:227px;height:auto\" srcset=\"https:\/\/www.psychologie-flackl.at\/wp-content\/uploads\/2024\/02\/DSC6156.jpg 333w, https:\/\/www.psychologie-flackl.at\/wp-content\/uploads\/2024\/02\/DSC6156-200x300.jpg 200w\" sizes=\"auto, (max-width: 333px) 100vw, 333px\" \/><\/figure>\n<\/div><\/div>\n<\/div>\n\n\n\n<p><\/p>\n\n\n\n<hr class=\"wp-block-separator has-alpha-channel-opacity\"\/>\n\n\n\n<p><\/p>\n\n\n\n<div class=\"wp-block-buttons is-content-justification-center is-layout-flex wp-container-core-buttons-is-layout-16018d1d wp-block-buttons-is-layout-flex\">\n<div class=\"wp-block-button is-style-fill\"><a class=\"wp-block-button__link wp-element-button\" href=\"https:\/\/www.psychologie-flackl.at\/index.php\/klinisch-psychologische-diagnostik\/\">Diagnostik<\/a><\/div>\n\n\n\n<div class=\"wp-block-button\"><a class=\"wp-block-button__link wp-element-button\" href=\"https:\/\/www.psychologie-flackl.at\/index.php\/klinisch-psychologische-behandlung\/\">Behandlung<\/a><\/div>\n\n\n\n<div class=\"wp-block-button\"><a class=\"wp-block-button__link wp-element-button\" href=\"https:\/\/www.psychologie-flackl.at\/index.php\/klinisch-psychologische-beratung\/\">Beratung<\/a><\/div>\n\n\n\n<div class=\"wp-block-button\"><a class=\"wp-block-button__link wp-element-button\" href=\"https:\/\/www.psychologie-flackl.at\/index.php\/eignungsgutachten-fuer-klinische-psychologinnen\/\">Gutachten<\/a><\/div>\n<\/div>\n\n\n\n<p><br><\/p>\n","protected":false},"excerpt":{"rendered":"<p>Herzlich willkommen Ich begr\u00fc\u00dfe Sie auf meiner Homepage, einem Ort der Unterst\u00fctzung und Ver\u00e4nderung. Hier biete ich Ihnen professionelle Hilfe auf Ihrem Weg zu psychischem Wohlbefinden und pers\u00f6nlichem Wachstum. Als Klinische Psychologin biete ich klinisch-psychologische Behandlung und Beratung, Diagnostik sowie Eignungsgutachten f\u00fcr k\u00fcnftige Klinische Psycholog:innen an. Daf\u00fcr kommen die jeweils entsprechenden Behandlungsmaterialien zum Einsatz. Der [&hellip;]<\/p>\n","protected":false},"author":1,"featured_media":0,"parent":0,"menu_order":0,"comment_status":"closed","ping_status":"closed","template":"","meta":{"_regular_price":[],"currency_symbol":[],"footnotes":""},"class_list":["post-15","page","type-page","status-publish","hentry"],"post_slider_layout_featured_media_urls":{"thumbnail":"","post_slider_layout_landscape_large":"","post_slider_layout_portrait_large":"","post_slider_layout_square_large":"","post_slider_layout_landscape":"","post_slider_layout_portrait":"","post_slider_layout_square":"","full":""},"_links":{"self":[{"href":"https:\/\/www.psychologie-flackl.at\/index.php\/wp-json\/wp\/v2\/pages\/15","targetHints":{"allow":["GET"]}}],"collection":[{"href":"https:\/\/www.psychologie-flackl.at\/index.php\/wp-json\/wp\/v2\/pages"}],"about":[{"href":"https:\/\/www.psychologie-flackl.at\/index.php\/wp-json\/wp\/v2\/types\/page"}],"author":[{"embeddable":true,"href":"https:\/\/www.psychologie-flackl.at\/index.php\/wp-json\/wp\/v2\/users\/1"}],"replies":[{"embeddable":true,"href":"https:\/\/www.psychologie-flackl.at\/index.php\/wp-json\/wp\/v2\/comments?post=15"}],"version-history":[{"count":29,"href":"https:\/\/www.psychologie-flackl.at\/index.php\/wp-json\/wp\/v2\/pages\/15\/revisions"}],"predecessor-version":[{"id":471,"href":"https:\/\/www.psychologie-flackl.at\/index.php\/wp-json\/wp\/v2\/pages\/15\/revisions\/471"}],"wp:attachment":[{"href":"https:\/\/www.psychologie-flackl.at\/index.php\/wp-json\/wp\/v2\/media?parent=15"}],"curies":[{"name":"wp","href":"https:\/\/api.w.org\/{rel}","templated":true}]}}