{"id":138,"date":"2024-01-11T10:23:48","date_gmt":"2024-01-11T09:23:48","guid":{"rendered":"https:\/\/nextcloud.fehlfunktion.com\/wordpress1\/?page_id=138"},"modified":"2024-02-10T18:25:01","modified_gmt":"2024-02-10T17:25:01","slug":"eignungsgutachten-fuer-klinische-psychologinnen","status":"publish","type":"page","link":"https:\/\/www.psychologie-flackl.at\/index.php\/eignungsgutachten-fuer-klinische-psychologinnen\/","title":{"rendered":"Eignungsgutachten"},"content":{"rendered":"\n<h1 class=\"wp-block-heading\">Eignungsgutachten<\/h1>\n\n\n\n<p><\/p>\n\n\n\n<h5 class=\"wp-block-heading\">Eignungsgutachten gem\u00e4\u00df \u00a7 9 Psychologengesetz<\/h5>\n\n\n\n<p>Nach dem neuen Psychologengesetzt (2013) nach \u00a79 darf die postgraduelle Ausbildung in Klinischer Psychologie oder Gesundheitspsychologie nur beginnen, wer \u201edie psychische Eignung auf Grundlage eines klinisch-psychologischen Gutachtens (..)\u201c der Ausbildungseinrichtung nachgewiesen hat.<\/p>\n\n\n\n<p><\/p>\n\n\n\n<h5 class=\"wp-block-heading\">Leistungsangebot<\/h5>\n\n\n\n<p>Im Rahmen eines Explorationsgespr\u00e4ches werden f\u00fcr die Aus\u00fcbung des Berufs wesentliche Aspekte bzw. Pers\u00f6nlichkeitsmerkmale erhoben und anschlie\u00dfend wird eine testpsychologische Untersuchung durchgef\u00fchrt. Planen Sie f\u00fcr die Durchf\u00fchrung etwa 2 Stunden ein. Das Gutachten wird innerhalb von 48 Stunden und nach den Richtlinien des Bundesministeriums f\u00fcr Gesundheit sowie den Ausbildungseinrichtungen erstellt.<\/p>\n\n\n\n<p><\/p>\n\n\n\n<p>Die Kosten f\u00fcr das klinisch-psychologische Eignungsgutachten sind privat zu bezahlen und als Werbungskosten\/Ausbildungskosten steuerlich absetzbar. <a href=\"https:\/\/www.psychologie-flackl.at\/index.php\/contact\/\" data-type=\"page\" data-id=\"17\">Kontaktieren<\/a> Sie mich gerne f\u00fcr weitere Informationen oder vereinbaren Sie einen pers\u00f6nlichen <a href=\"https:\/\/www.psychologie-flackl.at\/index.php\/terminanfrage\/\" data-type=\"page\" data-id=\"202\">Termin<\/a>. <\/p>\n\n\n\n<p><\/p>\n","protected":false},"excerpt":{"rendered":"<p>Eignungsgutachten Eignungsgutachten gem\u00e4\u00df \u00a7 9 Psychologengesetz Nach dem neuen Psychologengesetzt (2013) nach \u00a79 darf die postgraduelle Ausbildung in Klinischer Psychologie oder Gesundheitspsychologie nur beginnen, wer \u201edie psychische Eignung auf Grundlage eines klinisch-psychologischen Gutachtens (..)\u201c der Ausbildungseinrichtung nachgewiesen hat. Leistungsangebot Im Rahmen eines Explorationsgespr\u00e4ches werden f\u00fcr die Aus\u00fcbung des Berufs wesentliche Aspekte bzw. Pers\u00f6nlichkeitsmerkmale erhoben und [&hellip;]<\/p>\n","protected":false},"author":1,"featured_media":0,"parent":0,"menu_order":0,"comment_status":"closed","ping_status":"closed","template":"","meta":{"_regular_price":[],"currency_symbol":[],"footnotes":""},"class_list":["post-138","page","type-page","status-publish","hentry"],"post_slider_layout_featured_media_urls":{"thumbnail":"","post_slider_layout_landscape_large":"","post_slider_layout_portrait_large":"","post_slider_layout_square_large":"","post_slider_layout_landscape":"","post_slider_layout_portrait":"","post_slider_layout_square":"","full":""},"_links":{"self":[{"href":"https:\/\/www.psychologie-flackl.at\/index.php\/wp-json\/wp\/v2\/pages\/138","targetHints":{"allow":["GET"]}}],"collection":[{"href":"https:\/\/www.psychologie-flackl.at\/index.php\/wp-json\/wp\/v2\/pages"}],"about":[{"href":"https:\/\/www.psychologie-flackl.at\/index.php\/wp-json\/wp\/v2\/types\/page"}],"author":[{"embeddable":true,"href":"https:\/\/www.psychologie-flackl.at\/index.php\/wp-json\/wp\/v2\/users\/1"}],"replies":[{"embeddable":true,"href":"https:\/\/www.psychologie-flackl.at\/index.php\/wp-json\/wp\/v2\/comments?post=138"}],"version-history":[{"count":9,"href":"https:\/\/www.psychologie-flackl.at\/index.php\/wp-json\/wp\/v2\/pages\/138\/revisions"}],"predecessor-version":[{"id":475,"href":"https:\/\/www.psychologie-flackl.at\/index.php\/wp-json\/wp\/v2\/pages\/138\/revisions\/475"}],"wp:attachment":[{"href":"https:\/\/www.psychologie-flackl.at\/index.php\/wp-json\/wp\/v2\/media?parent=138"}],"curies":[{"name":"wp","href":"https:\/\/api.w.org\/{rel}","templated":true}]}}