{"id":136,"date":"2024-01-11T10:23:16","date_gmt":"2024-01-11T09:23:16","guid":{"rendered":"https:\/\/nextcloud.fehlfunktion.com\/wordpress1\/?page_id=136"},"modified":"2024-02-10T18:23:24","modified_gmt":"2024-02-10T17:23:24","slug":"klinisch-psychologische-beratung","status":"publish","type":"page","link":"https:\/\/www.psychologie-flackl.at\/index.php\/klinisch-psychologische-beratung\/","title":{"rendered":"Beratung"},"content":{"rendered":"\n<h1 class=\"wp-block-heading\">Beratung<\/h1>\n\n\n\n<p><\/p>\n\n\n\n<h5 class=\"wp-block-heading\">Was versteht man unter klinisch-psychologischer Beratung?<\/h5>\n\n\n\n<p>Die klinisch-psychologische Beratung kombiniert fundiertes psychologisches Fachwissen mit einer einf\u00fchlsamen, individuellen Herangehensweise. In einem vertrauensvollen Setting haben Sie die M\u00f6glichkeit, \u00fcber Ihre pers\u00f6nlichen Anliegen zu sprechen. Dabei kann es sich um verschiedenste Themen wie Stressbew\u00e4ltigung, emotionale Belastungen, zwischenmenschliche Beziehungen, Lebenskrisen oder andere psychische Herausforderungen handeln.<\/p>\n\n\n\n<p><\/p>\n\n\n\n<h5 class=\"wp-block-heading\">Warum klinisch-psychologische Beratung?<\/h5>\n\n\n\n<p>Die klinisch-psychologische Beratung zielt darauf ab, Ihnen dabei zu helfen, Ihre eigenen Ressourcen zu erkennen und zu st\u00e4rken. Durch gezielte Gespr\u00e4che und professionelle Methoden unterst\u00fctze ich Sie dabei, eine tiefere Selbstreflexion zu entwickeln, neue Perspektiven zu gewinnen und positive Ver\u00e4nderungen in Ihrem Leben zu initiieren.<\/p>\n\n\n\n<p><\/p>\n\n\n\n<h5 class=\"wp-block-heading\">Online-Beratung f\u00fcr mehr Flexibilit\u00e4t<\/h5>\n\n\n\n<p>Die Beratung kann auch bequem und flexibel online stattfinden. Dies erm\u00f6glicht es Ihnen, von jedem Ort aus auf meine Unterst\u00fctzung zuzugreifen, ohne auf die Qualit\u00e4t einer pers\u00f6nlichen Beratung zu verzichten.<\/p>\n\n\n\n<p><\/p>\n\n\n\n<h5 class=\"wp-block-heading\">Ihr Weg zu mehr psychischem Wohlbefinden<\/h5>\n\n\n\n<p>Gemeinsam werden wir an Ihren individuellen Zielen arbeiten und Schritte in Richtung seelischer Balance setzen. Vereinbaren Sie noch heute einen <a href=\"https:\/\/www.psychologie-flackl.at\/index.php\/terminanfrage\/\" data-type=\"page\" data-id=\"202\">Termin<\/a> f\u00fcr ein Erstgespr\u00e4ch \u2013 Ihr erster Schritt zu einem erf\u00fcllteren und ges\u00fcnderen Leben. Sie k\u00f6nnen f\u00fcr weitere Informationen gerne <a href=\"https:\/\/www.psychologie-flackl.at\/index.php\/contact\/\" data-type=\"page\" data-id=\"17\">Kontakt<\/a> zu mir aufnehmen. <\/p>\n","protected":false},"excerpt":{"rendered":"<p>Beratung Was versteht man unter klinisch-psychologischer Beratung? Die klinisch-psychologische Beratung kombiniert fundiertes psychologisches Fachwissen mit einer einf\u00fchlsamen, individuellen Herangehensweise. In einem vertrauensvollen Setting haben Sie die M\u00f6glichkeit, \u00fcber Ihre pers\u00f6nlichen Anliegen zu sprechen. Dabei kann es sich um verschiedenste Themen wie Stressbew\u00e4ltigung, emotionale Belastungen, zwischenmenschliche Beziehungen, Lebenskrisen oder andere psychische Herausforderungen handeln. Warum klinisch-psychologische Beratung? [&hellip;]<\/p>\n","protected":false},"author":1,"featured_media":0,"parent":0,"menu_order":0,"comment_status":"closed","ping_status":"closed","template":"","meta":{"_regular_price":[],"currency_symbol":[],"footnotes":""},"class_list":["post-136","page","type-page","status-publish","hentry"],"post_slider_layout_featured_media_urls":{"thumbnail":"","post_slider_layout_landscape_large":"","post_slider_layout_portrait_large":"","post_slider_layout_square_large":"","post_slider_layout_landscape":"","post_slider_layout_portrait":"","post_slider_layout_square":"","full":""},"_links":{"self":[{"href":"https:\/\/www.psychologie-flackl.at\/index.php\/wp-json\/wp\/v2\/pages\/136","targetHints":{"allow":["GET"]}}],"collection":[{"href":"https:\/\/www.psychologie-flackl.at\/index.php\/wp-json\/wp\/v2\/pages"}],"about":[{"href":"https:\/\/www.psychologie-flackl.at\/index.php\/wp-json\/wp\/v2\/types\/page"}],"author":[{"embeddable":true,"href":"https:\/\/www.psychologie-flackl.at\/index.php\/wp-json\/wp\/v2\/users\/1"}],"replies":[{"embeddable":true,"href":"https:\/\/www.psychologie-flackl.at\/index.php\/wp-json\/wp\/v2\/comments?post=136"}],"version-history":[{"count":10,"href":"https:\/\/www.psychologie-flackl.at\/index.php\/wp-json\/wp\/v2\/pages\/136\/revisions"}],"predecessor-version":[{"id":473,"href":"https:\/\/www.psychologie-flackl.at\/index.php\/wp-json\/wp\/v2\/pages\/136\/revisions\/473"}],"wp:attachment":[{"href":"https:\/\/www.psychologie-flackl.at\/index.php\/wp-json\/wp\/v2\/media?parent=136"}],"curies":[{"name":"wp","href":"https:\/\/api.w.org\/{rel}","templated":true}]}}