{"id":134,"date":"2024-01-11T10:22:55","date_gmt":"2024-01-11T09:22:55","guid":{"rendered":"https:\/\/nextcloud.fehlfunktion.com\/wordpress1\/?page_id=134"},"modified":"2024-02-10T18:22:33","modified_gmt":"2024-02-10T17:22:33","slug":"klinisch-psychologische-behandlung","status":"publish","type":"page","link":"https:\/\/www.psychologie-flackl.at\/index.php\/klinisch-psychologische-behandlung\/","title":{"rendered":"Behandlung"},"content":{"rendered":"\n<h1 class=\"wp-block-heading\">Behandlung<\/h1>\n\n\n\n<p><\/p>\n\n\n\n<h5 class=\"wp-block-heading\">Was erwartet Sie bei einer klinisch-psychologischen Behandlung?<\/h5>\n\n\n\n<p>Die klinisch-psychologische Behandlung, die ich anbiete, ist darauf ausgerichtet, individuelle Herausforderungen und seelische Belastungen zu verstehen und gemeinsam mit Ihnen konstruktive L\u00f6sungsans\u00e4tze zu entwickeln. In einem vertrauensvollen Rahmen biete ich Ihnen professionelle Unterst\u00fctzung, um Ihre pers\u00f6nlichen Ressourcen zu st\u00e4rken und neue Wege f\u00fcr ein erf\u00fclltes Leben zu finden.<\/p>\n\n\n\n<p><\/p>\n\n\n\n<p>Mein Ansatz basiert auf fundierten wissenschaftlichen Methoden der Psychologie. Gemeinsam werden wir Ihre pers\u00f6nlichen Ziele definieren und an deren Erreichung arbeiten. Dabei k\u00f6nnen Themen wie Stressbew\u00e4ltigung, \u00c4ngste, depressive Verstimmungen, Beziehungsschwierigkeiten oder andere psychische Herausforderungen im Fokus stehen.<\/p>\n\n\n\n<p><\/p>\n\n\n\n<h5 class=\"wp-block-heading\">Was ist klinisch-psychologische Behandlung?<\/h5>\n\n\n\n<p>Die klinisch-psychologische Behandlung umfasst eine breite Palette von therapeutischen Interventionen, die darauf abzielen, psychische Gesundheitsprobleme zu verstehen, zu lindern und zu bew\u00e4ltigen. Ich unterst\u00fctze Sie dabei, positive Ver\u00e4nderungen herbeizuf\u00fchren und nachhaltige L\u00f6sungen f\u00fcr Ihre Anliegen zu finden. Ihre individuellen Bed\u00fcrfnisse stehen im Mittelpunkt meiner Arbeit. Gemeinsam werden wir einen ma\u00dfgeschneiderten Behandlungsplan entwickeln, der auf Ihre pers\u00f6nlichen Ziele und Lebensumst\u00e4nde abgestimmt ist.<\/p>\n\n\n\n<p><\/p>\n\n\n\n<p>Ich lade Sie herzlich dazu ein, einen ersten Schritt in Richtung psychischer Gesundheit zu machen. Vereinbaren Sie gerne einen <a href=\"https:\/\/www.psychologie-flackl.at\/index.php\/terminanfrage\/\" data-type=\"page\" data-id=\"202\">Termin<\/a> f\u00fcr ein unverbindliches Erstgespr\u00e4ch, in dem wir Ihre Anliegen besprechen und gemeinsam entscheiden k\u00f6nnen, welcher Ansatz f\u00fcr Sie am besten geeignet ist. Sie k\u00f6nnen vorab auch gerne f\u00fcr weitere Informationen <a href=\"https:\/\/www.psychologie-flackl.at\/index.php\/contact\/\" data-type=\"page\" data-id=\"17\">Kontakt<\/a> zu mir aufnehmen. <\/p>\n\n\n\n<p><\/p>\n","protected":false},"excerpt":{"rendered":"<p>Behandlung Was erwartet Sie bei einer klinisch-psychologischen Behandlung? Die klinisch-psychologische Behandlung, die ich anbiete, ist darauf ausgerichtet, individuelle Herausforderungen und seelische Belastungen zu verstehen und gemeinsam mit Ihnen konstruktive L\u00f6sungsans\u00e4tze zu entwickeln. In einem vertrauensvollen Rahmen biete ich Ihnen professionelle Unterst\u00fctzung, um Ihre pers\u00f6nlichen Ressourcen zu st\u00e4rken und neue Wege f\u00fcr ein erf\u00fclltes Leben zu [&hellip;]<\/p>\n","protected":false},"author":1,"featured_media":0,"parent":0,"menu_order":0,"comment_status":"closed","ping_status":"closed","template":"","meta":{"_regular_price":[],"currency_symbol":[],"footnotes":""},"class_list":["post-134","page","type-page","status-publish","hentry"],"post_slider_layout_featured_media_urls":{"thumbnail":"","post_slider_layout_landscape_large":"","post_slider_layout_portrait_large":"","post_slider_layout_square_large":"","post_slider_layout_landscape":"","post_slider_layout_portrait":"","post_slider_layout_square":"","full":""},"_links":{"self":[{"href":"https:\/\/www.psychologie-flackl.at\/index.php\/wp-json\/wp\/v2\/pages\/134","targetHints":{"allow":["GET"]}}],"collection":[{"href":"https:\/\/www.psychologie-flackl.at\/index.php\/wp-json\/wp\/v2\/pages"}],"about":[{"href":"https:\/\/www.psychologie-flackl.at\/index.php\/wp-json\/wp\/v2\/types\/page"}],"author":[{"embeddable":true,"href":"https:\/\/www.psychologie-flackl.at\/index.php\/wp-json\/wp\/v2\/users\/1"}],"replies":[{"embeddable":true,"href":"https:\/\/www.psychologie-flackl.at\/index.php\/wp-json\/wp\/v2\/comments?post=134"}],"version-history":[{"count":8,"href":"https:\/\/www.psychologie-flackl.at\/index.php\/wp-json\/wp\/v2\/pages\/134\/revisions"}],"predecessor-version":[{"id":472,"href":"https:\/\/www.psychologie-flackl.at\/index.php\/wp-json\/wp\/v2\/pages\/134\/revisions\/472"}],"wp:attachment":[{"href":"https:\/\/www.psychologie-flackl.at\/index.php\/wp-json\/wp\/v2\/media?parent=134"}],"curies":[{"name":"wp","href":"https:\/\/api.w.org\/{rel}","templated":true}]}}